{"id":46,"date":"2014-04-18T17:40:42","date_gmt":"2014-04-18T17:40:42","guid":{"rendered":"https:\/\/www.karaokeaddicts.com\/?page_id=46"},"modified":"2014-04-18T17:40:42","modified_gmt":"2014-04-18T17:40:42","slug":"cz","status":"publish","type":"page","link":"https:\/\/www.karaokeaddicts.com\/?page_id=46","title":{"rendered":"CZ"},"content":{"rendered":"<p>CZECH\/CESKY<br \/>\nV\u0160ECHNO BUDE FAJN &#8211; \u017dENTOUR CZ 6\/01<br \/>\nJSI MUJ P\u00c1N &#8211; DRACULA CZ 6\/02<br \/>\nHASTRMANE TATRMANE &#8211; ZDENEK MERTA CZ 6\/03<br \/>\nPROC ME NIKDO NEM\u00c1 R\u00c1D &#8211; ILONA CZ\u00c1KOV\u00c1 CZ 6\/04<br \/>\nKARVIN\u00c1 &#8211; YO YO BAND CZ 6\/05<br \/>\nH\u00c1DEJ MATYLDO &#8211; KAREL H\u00c1LA CZ 6\/06<br \/>\n\u0160\u00cdPKOV\u00c1 RU\u017dENKA &#8211; JIR\u00cd SCHELINGER CZ 6\/07<br \/>\n\u017d\u00cdZEN &#8211; KAB\u00c1T CZ 6\/08<br \/>\nNEJL\u00cdP JIM BYLO &#8211; MN\u00c1GA A \u017dDORP CZ 6\/09<br \/>\nTATA &#8211; BUTY CZ 6\/10<br \/>\nM\u00c1M TE R\u00c1D &#8211; DAMIENS CZ 6\/11<br \/>\nD\u00cdV\u00c1M SE D\u00cdV\u00c1M &#8211; P.HAPKA, L.B\u00cdL\u00c1 CZ 6\/12<br \/>\nJAKO ZA MLADA &#8211; OLYMPIC CZ 6\/13<br \/>\nM\u00c1M MAL\u00dd STAN &#8211; W. MATU\u0160KA, M. \u0160TEDR\u00dd CZ 6\/14<br \/>\nL\u00c1SKO M\u00c1 J\u00c1 STUNU &#8211; H.VONDR\u00c1CKOV\u00c1 CZ 6\/15<\/p>\n<p>&nbsp;<\/p>\n<p>&nbsp;<\/p>\n<p>AMSTERDAM &#8211; ILONA CZ\u00c1KOV\u00c1 CZ 1\/01<br \/>\nOBYCEJN\u00dd MU\u017d &#8211; PETR SP\u00c1LEN\u00dd CZ 1\/02<br \/>\nSTEJNE JAKO J\u00c1 &#8211; CHINASKI CZ 1\/03<br \/>\nT\u00c1TA &#8211; TE\u017dKEJ POKONDR CZ 1\/04<br \/>\nANDEL &#8211; KAREL KRYL CZ 1\/05<br \/>\nBEDNA OD WHISKY &#8211; COUNTRY CZ 1\/06<br \/>\nCO JSEM SI VZAL &#8211; VLADIM\u00cdR MI\u0160\u00cdK CZ 1\/07<br \/>\nFRANTI\u0160EK &#8211; BUTY CZ 1\/08<br \/>\nHOLKY Z NA\u0160\u00cd \u0160KOLK -PETR KOTVALD,STAN HLO\u017dEKCZ 1\/09<br \/>\nJASN\u00c1 ZPR\u00c1VA &#8211; OLYMPIC CZ 1\/10<br \/>\nRU\u017dE Z TEXASU(YELLOW ROSE TEXAS) &#8211; W. MATU\u0160KA CZ 1\/11<br \/>\nTIS\u00cdC MIL &#8211; WALDEMAR MATU\u0160KA CZ 1\/12<br \/>\nM\u00c1M JEDNU RUKU DLOUHOU &#8211; BUTY CZ 1\/13<br \/>\nSEVERN\u00cd V\u00cdTR &#8211; JAROSLAV UHL\u00cdR CZ 1\/14<br \/>\nBON SOIR MADEMOISELLE PARIS &#8211; PETR MUK CZ 1\/15<\/p>\n<p>&nbsp;<\/p>\n<p>A jmeno ma Maria<\/p>\n<p>Chladil<\/p>\n<p>CZ3-04<\/p>\n<p>Ak nie si moja<\/p>\n<p>Patejdl<\/p>\n<p>CZ11-01<\/p>\n<p>Az<\/p>\n<p>Katapult<\/p>\n<p>CZ08-14<\/p>\n<p>Bajecna zenska<\/p>\n<p>Tucny<\/p>\n<p>CZ09-13<\/p>\n<p>Beskydy<\/p>\n<p>Buty<\/p>\n<p>CZ3-10<\/p>\n<p>Blaznova ukolebavka<\/p>\n<p>Novak<\/p>\n<p>CZ5-09<\/p>\n<p>Boty<\/p>\n<p>Prenosilova<\/p>\n<p>CZ13-02<\/p>\n<p>Bratricku zavirej vratka<\/p>\n<p>Kryl<\/p>\n<p>CZ5-05<\/p>\n<p>Budu vsechno<\/p>\n<p>Ledecky<\/p>\n<p>CZ16-01<\/p>\n<p>Chlupaty kaktus<\/p>\n<p>Matuska<\/p>\n<p>CZ09-10<\/p>\n<p>Citronova holka<\/p>\n<p>Vavra<\/p>\n<p>CZ10-12<\/p>\n<p>Co boli to preboli<\/p>\n<p>Duet Zbirka<\/p>\n<p>CZ16-06<\/p>\n<p>Co mas to mas<\/p>\n<p>Damiens<\/p>\n<p>CZ09-12<\/p>\n<p>Colorado<\/p>\n<p>Kabat<\/p>\n<p>CZ4-07<\/p>\n<p>Colu pijeme colu<\/p>\n<p>David<\/p>\n<p>CZ4-14<\/p>\n<p>Copacabana<\/p>\n<p>Vondrackova<\/p>\n<p>CZ09-14<\/p>\n<p>Dajana<\/p>\n<p>Kotvald<\/p>\n<p>CZ10-01<\/p>\n<p>Dakujem \u017ee si<\/p>\n<p>No Name<\/p>\n<p>CZ16-09<\/p>\n<p>Dama pri tele<\/p>\n<p>Spaleny<\/p>\n<p>CZ10-08<\/p>\n<p>Davej ber<\/p>\n<p>Tofi,Vaculik<\/p>\n<p>CZ5-03<\/p>\n<p>Decibely l\u00e1sky<\/p>\n<p>David<\/p>\n<p>CZ4-05<\/p>\n<p>Deti raje<\/p>\n<p>David<\/p>\n<p>CZ12-05<\/p>\n<p>Devatenact<\/p>\n<p>Nedved<\/p>\n<p>CZ10-13<\/p>\n<p>Dlouha noc<\/p>\n<p>Vondra<\/p>\n<p>CZ14-05<\/p>\n<p>Dve mala kridla<\/p>\n<p>Vondrackova<\/p>\n<p>CZ5-08<\/p>\n<p>Dve rusky<\/p>\n<p>Mladek<\/p>\n<p>CZ4-03<\/p>\n<p>Dynamit<\/p>\n<p>Olympic<\/p>\n<p>CZ7-08<\/p>\n<p>Ezop a brabenec<\/p>\n<p>WV<\/p>\n<p>CZ5-10<\/p>\n<p>Felicie<\/p>\n<p>T,Pokondr<\/p>\n<p>CZ09-15<\/p>\n<p>Fero<\/p>\n<p>Elan<\/p>\n<p>CZ5-13<\/p>\n<p>Galaxie prani<\/p>\n<p>Machalkova<\/p>\n<p>CZ15-04<\/p>\n<p>Gejzir<\/p>\n<p>Kotvald<\/p>\n<p>CZ08-02<\/p>\n<p>Hlupak vaha<\/p>\n<p>Katapult<\/p>\n<p>CZ08-12<\/p>\n<p>Holubi dum<\/p>\n<p>Schelinger<\/p>\n<p>CZ3-05<\/p>\n<p>Hrac<\/p>\n<p>Turbo<\/p>\n<p>CZ11-02<\/p>\n<p>Hurikan<\/p>\n<p>D Janda<\/p>\n<p>CZ09-07<\/p>\n<p>Hvezda na vrbe<\/p>\n<p>Rebelove<\/p>\n<p>CZ14-01<\/p>\n<p>Inzenyrska<\/p>\n<p>Plavci<\/p>\n<p>CZ08-08<\/p>\n<p>Ja budu chodit po spic..<\/p>\n<p>Novak<\/p>\n<p>CZ5-01<\/p>\n<p>Ja pujdu tam a ty tam<\/p>\n<p>Duet<\/p>\n<p>CZ14-07<\/p>\n<p>Ja uz jdu<\/p>\n<p>Cech FR<\/p>\n<p>CZ4-13<\/p>\n<p>Jahody mrazeny<\/p>\n<p>Schelinger<\/p>\n<p>CZ3-15<\/p>\n<p>Jarosov pivovar<\/p>\n<p>Argema<\/p>\n<p>CZ11-03<\/p>\n<p>Jdou po mne jdou<\/p>\n<p>Nohavica<\/p>\n<p>CZ08-04<\/p>\n<p>Je rano Anno<\/p>\n<p>Neckar<\/p>\n<p>CZ08-03<\/p>\n<p>Jede jede<\/p>\n<p>Max Turb<\/p>\n<p>CZ13-10<\/p>\n<p>Jedem do Afriky<\/p>\n<p>Yoyo Band<\/p>\n<p>CZ15-07<\/p>\n<p>Jednou mi fotr povida<\/p>\n<p>Hlas<\/p>\n<p>CZ08-09<\/p>\n<p>Jednou rano<\/p>\n<p>Buty<\/p>\n<p>CZ09-02<\/p>\n<p>Jen pro ten dnesni den<\/p>\n<p>Novy<\/p>\n<p>CZ3-03<\/p>\n<p>Jozin<\/p>\n<p>Mladek<\/p>\n<p>CZ16-04<\/p>\n<p>Jsem..blazen jen<\/p>\n<p>Schelinger<\/p>\n<p>CZ7-11<\/p>\n<p>Kde.. ptacku hnizdo mas<\/p>\n<p>Gott<\/p>\n<p>CZ7-05<\/p>\n<p>Kdy\u017e muz se zenou snida<\/p>\n<p>Gott<\/p>\n<p>CZ09-05<\/p>\n<p>Kdyz zbyva par slov<\/p>\n<p>Czak.<\/p>\n<p>CZ5-15<\/p>\n<p>Kocka<\/p>\n<p>Elan<\/p>\n<p>CZ5-07<\/p>\n<p>Kolej Yesterday<\/p>\n<p>Prokop<\/p>\n<p>CZ16-03<\/p>\n<p>Kovar<\/p>\n<p>Spaleny<\/p>\n<p>CZ16-10<\/p>\n<p>Krasna neznama<\/p>\n<p>Olympic<\/p>\n<p>CZ08-07<\/p>\n<p>La isla bonita<\/p>\n<p>Czakova<\/p>\n<p>CZ5-14<\/p>\n<p>Lada<\/p>\n<p>Kabat<\/p>\n<p>CZ3-14<\/p>\n<p>Lady Carneval<\/p>\n<p>Gott<\/p>\n<p>CZ08-10<\/p>\n<p>Laska je tu s vami<\/p>\n<p>Nagy<\/p>\n<p>CZ7-10<\/p>\n<p>Lasko..destem<\/p>\n<p>Rottrova<\/p>\n<p>CZ08-13<\/p>\n<p>Lekorice<\/p>\n<p>Neckar<\/p>\n<p>CZ10-06<\/p>\n<p>Let it be<\/p>\n<p>Beatles (cz text)<\/p>\n<p>CZ14-08<\/p>\n<p>Liska<\/p>\n<p>Kirschner<\/p>\n<p>CZ16-08<\/p>\n<p>Louda se pulmesic<\/p>\n<p>Kubisova<\/p>\n<p>CZ3-02<\/p>\n<p>Mackie messer<\/p>\n<p>Kopecky<\/p>\n<p>CZ3-06<\/p>\n<p>Malagelo<\/p>\n<p>Hlas<\/p>\n<p>CZ7-13<\/p>\n<p>Mam rada cestu lesni<\/p>\n<p>Vondra<\/p>\n<p>CZ11-04<\/p>\n<p>Mama ma rymu<\/p>\n<p>Tezkej,P<\/p>\n<p>CZ10-11<\/p>\n<p>Matka<\/p>\n<p>Tublatanka<\/p>\n<p>CZ13-04<\/p>\n<p>Milujem se stale vic<\/p>\n<p>Kotvald<\/p>\n<p>CZ12-08<\/p>\n<p>Miss Moskva<\/p>\n<p>Korn<\/p>\n<p>CZ13-07<\/p>\n<p>Moj zivot<\/p>\n<p>Elan<\/p>\n<p>CZ10-04<\/p>\n<p>Most pres minulost<\/p>\n<p>L Bila<\/p>\n<p>CZ12-09<\/p>\n<p>Mosty-Duet Filipova<\/p>\n<p>Zich<\/p>\n<p>CZ11-05<\/p>\n<p>Motyl<\/p>\n<p>Duet<\/p>\n<p>CZ5-02<\/p>\n<p>Mravenecek<\/p>\n<p>Maxim turbulenc<\/p>\n<p>CZ10-05<\/p>\n<p>My mame&#8230; rodice<\/p>\n<p>David<\/p>\n<p>CZ10-03<\/p>\n<p>Na kolena<\/p>\n<p>Hlas<\/p>\n<p>CZ09-06<\/p>\n<p>Nadherna laska<\/p>\n<p>Novak<\/p>\n<p>CZ12-04<\/p>\n<p>Nahrobni kamen<\/p>\n<p>Novak<\/p>\n<p>CZ4-04<\/p>\n<p>Najem zvedej (YMCA)<\/p>\n<p>Tezkej Pokondr<\/p>\n<p>CZ3-11<\/p>\n<p>Naproti maj sejf<\/p>\n<p>T,Pokondr<\/p>\n<p>CZ14-02<\/p>\n<p>Naruziva<\/p>\n<p>Zluty pes<\/p>\n<p>CZ3-13<\/p>\n<p>Naschle.. krokodyle<\/p>\n<p>Rock &#8220;N&#8221; Roll<\/p>\n<p>CZ3-12<\/p>\n<p>Nebude to take lahke<\/p>\n<p>Muller<\/p>\n<p>CZ13-08<\/p>\n<p>Nedaleko od Trencina<\/p>\n<p>Lidova<\/p>\n<p>CZ4-11<\/p>\n<p>Nejkra..sen<\/p>\n<p>Beegees-(cz text)<\/p>\n<p>CZ13-09<\/p>\n<p>Nekdy priste<\/p>\n<p>Katapult<\/p>\n<p>CZ7-02<\/p>\n<p>Nen\u00ed vsechno parada<\/p>\n<p>Zich<\/p>\n<p>CZ08-15<\/p>\n<p>Neni nutno<\/p>\n<p>Tri veterani<\/p>\n<p>CZ7-14<\/p>\n<p>Neslap nelamej<\/p>\n<p>Zagorova<\/p>\n<p>CZ11-06<\/p>\n<p>Nespravedlivy Buh<\/p>\n<p>Dracula<\/p>\n<p>CZ12-02<\/p>\n<p>Neusinej<\/p>\n<p>Muk<\/p>\n<p>CZ16-05<\/p>\n<p>New orleans<\/p>\n<p>N Orleans<\/p>\n<p>CZ5-04<\/p>\n<p>O blaznech<\/p>\n<p>Penk<\/p>\n<p>CZ12-10<\/p>\n<p>Okno me lasky<\/p>\n<p>Olympic<\/p>\n<p>CZ4-15<\/p>\n<p>Osmy den<\/p>\n<p>Olympic<\/p>\n<p>CZ08-06<\/p>\n<p>Par havr.. copanku<\/p>\n<p>Presley\/Gott<\/p>\n<p>CZ12-06<\/p>\n<p>Pata<\/p>\n<p>Rebelove<\/p>\n<p>CZ14-04<\/p>\n<p>Pernikova chaloupka<\/p>\n<p>Cech FR<\/p>\n<p>CZ10-02<\/p>\n<p>Pihovata divka<\/p>\n<p>Novak<\/p>\n<p>CZ3-09<\/p>\n<p>Plakalo baby<\/p>\n<p>Spaleny<\/p>\n<p>CZ7-12<\/p>\n<p>Posledni kovboj<\/p>\n<p>Tucny<\/p>\n<p>CZ11-07<\/p>\n<p>Povidej<\/p>\n<p>Novak<\/p>\n<p>CZ11-08<\/p>\n<p>Praminek vlasu<\/p>\n<p>Suchy<\/p>\n<p>CZ4-01<\/p>\n<p>Pretty woman<\/p>\n<p>Gott<\/p>\n<p>CZ12-01<\/p>\n<p>Princ..mlejna<\/p>\n<p>Poha..melo<\/p>\n<p>CZ7-06<\/p>\n<p>Proc zrovna ty<\/p>\n<p>Olympic<\/p>\n<p>CZ12-03<\/p>\n<p>Prohr. .zadna hamba<\/p>\n<p>Argema<\/p>\n<p>CZ7-04<\/p>\n<p>Proklinam<\/p>\n<p>Ledecky<\/p>\n<p>CZ15-03<\/p>\n<p>Ptak rosomak<\/p>\n<p>Olympic<\/p>\n<p>CZ10-07<\/p>\n<p>Rad se brouzdam rosou<\/p>\n<p>Tucny<\/p>\n<p>CZ15-10<\/p>\n<p>Reklama na ticho<\/p>\n<p>Team<\/p>\n<p>CZ09-08<\/p>\n<p>Rock\u00b4roll pro Beethoven<\/p>\n<p>Hlas<\/p>\n<p>CZ10-15<\/p>\n<p>Rodne udoli<\/p>\n<p>Country<\/p>\n<p>CZ09-03<\/p>\n<p>Rosa na kolejich<\/p>\n<p>Danek<\/p>\n<p>CZ13-01<\/p>\n<p>S cizi zenou<\/p>\n<p>Kocab<\/p>\n<p>CZ11-09<\/p>\n<p>Samba v kap..<\/p>\n<p>B Jones<\/p>\n<p>CZ14-06<\/p>\n<p>Sametova<\/p>\n<p>Zluty pes<\/p>\n<p>CZ10-14<\/p>\n<p>Sasa jede<\/p>\n<p>Tezkej Pokondr<\/p>\n<p>CZ3-01<\/p>\n<p>Saxana<\/p>\n<p>Cernocka<\/p>\n<p>CZ15-02<\/p>\n<p>Schody do nebe<\/p>\n<p>Duet<\/p>\n<p>CZ5-11<\/p>\n<p>Signalni<\/p>\n<p>Chinaski<\/p>\n<p>CZ16-07<\/p>\n<p>Skoda lasky<\/p>\n<p>Lidova<\/p>\n<p>CZ09-09<\/p>\n<p>Sladke hlouposti<\/p>\n<p>Duet<\/p>\n<p>CZ15-08<\/p>\n<p>Sladke mameni<\/p>\n<p>Vondra<\/p>\n<p>CZ14-09<\/p>\n<p>Slim Jim<\/p>\n<p>Sexy dancer<\/p>\n<p>CZ15-09<\/p>\n<p>Slnko nevychadzaj<\/p>\n<p>Metalinda<\/p>\n<p>CZ15-05<\/p>\n<p>Slzy tvy mamy<\/p>\n<p>Olympic<\/p>\n<p>CZ11-10<\/p>\n<p>Smrt<\/p>\n<p>Dracula<\/p>\n<p>CZ12-07<\/p>\n<p>Snad jsem to zavinil ja<\/p>\n<p>Olympic<\/p>\n<p>CZ15-06<\/p>\n<p>Spenat<\/p>\n<p>Schelinger<\/p>\n<p>CZ16-02<\/p>\n<p>SSS<\/p>\n<p>Rebelove<\/p>\n<p>CZ13-05<\/p>\n<p>Stin katedral<\/p>\n<p>Muk<\/p>\n<p>CZ7-01<\/p>\n<p>Stuzkova<\/p>\n<p>Elan<\/p>\n<p>CZ13-06<\/p>\n<p>Tam u nebeskych bran<\/p>\n<p>M.Tucny<\/p>\n<p>CZ4-06<\/p>\n<p>Tam za vodou v rakosi<\/p>\n<p>Duet<\/p>\n<p>CZ5-06<\/p>\n<p>Tereza<\/p>\n<p>Matuska<\/p>\n<p>CZ4-12<\/p>\n<p>To se nikdo nedovi<\/p>\n<p>Duet<\/p>\n<p>CZ3-06<\/p>\n<p>Tohle je raj<\/p>\n<p>Argema<\/p>\n<p>CZ09-01<\/p>\n<p>Treti galaxie<\/p>\n<p>David<\/p>\n<p>CZ09-04<\/p>\n<p>Trouba<\/p>\n<p>Lucie Bila<\/p>\n<p>CZ4-09<\/p>\n<p>Ucitelka tanca<\/p>\n<p>Hamel<\/p>\n<p>CZ14-03<\/p>\n<p>Uzmi lasko neni 20 let<\/p>\n<p>Zmozek<\/p>\n<p>CZ4-02<\/p>\n<p>Ved mne dal cesto ma<\/p>\n<p>Bobek<\/p>\n<p>CZ08-05<\/p>\n<p>Vim ze jsi semnou<\/p>\n<p>Dracula<\/p>\n<p>CZ13-03<\/p>\n<p>Vlak co.. nestavi<\/p>\n<p>Olympic<\/p>\n<p>CZ09-11<\/p>\n<p>Voda co&#8230;.vodou<\/p>\n<p>Elan<\/p>\n<p>CZ7-07<\/p>\n<p>Vojin XY<\/p>\n<p>Katapult<\/p>\n<p>CZ08-01<\/p>\n<p>Vrana<\/p>\n<p>Buty<\/p>\n<p>CZ15-01<\/p>\n<p>Vsichni&#8230;.<\/p>\n<p>Mexiku-Tucny<\/p>\n<p>CZ7-09<\/p>\n<p>Za rok se vratim<\/p>\n<p>M.Chladil<\/p>\n<p>CZ5-12<\/p>\n<p>Zcervena<\/p>\n<p>Suchy<\/p>\n<p>CZ10-09<\/p>\n<p>Ze je mi luto<\/p>\n<p>Lojzo<\/p>\n<p>CZ7-15<\/p>\n<p>Zelva<\/p>\n<p>Olympic<\/p>\n<p>CZ3-08<\/p>\n<p>Zily<\/p>\n<p>No Name<\/p>\n<p>CZ14-10<\/p>\n<p>Zivot je jen nahoda<\/p>\n<p>WV<\/p>\n<p>CZ4-08<\/p>\n<p>Zlate strevicky<\/p>\n<p>Urbankova<\/p>\n<p>CZ10-10<\/p>\n<p>Zpivas mi requiem<\/p>\n<p>Lucie Bila<\/p>\n<p>CZ4-10<\/p>\n<p>Zrcadlo<\/p>\n<p>Cernoch<\/p>\n<p>CZ7-03<\/p>\n<p>Zvlastni mama<\/p>\n<p>Semelka<\/p>\n<p>CZ08-11<\/p>\n<p>&nbsp;<\/p>\n<p>Argema<\/p>\n<p>Tohle je raj<\/p>\n<p>CZ09-01<\/p>\n<p>Argema<\/p>\n<p>Prohr. .zadna hamba<\/p>\n<p>CZ7-04<\/p>\n<p>Argema<\/p>\n<p>Jarosov pivovar<\/p>\n<p>CZ11-03<\/p>\n<p>B Jones<\/p>\n<p>Samba v kap..<\/p>\n<p>CZ14-06<\/p>\n<p>Beatles (cz text)<\/p>\n<p>Let it be<\/p>\n<p>CZ14-08<\/p>\n<p>Beegees-(cz text)<\/p>\n<p>Nejkra..sen<\/p>\n<p>CZ13-09<\/p>\n<p>Bobek<\/p>\n<p>Ved mne dal cesto ma<\/p>\n<p>CZ08-05<\/p>\n<p>Buty<\/p>\n<p>Vrana<\/p>\n<p>CZ15-01<\/p>\n<p>Buty<\/p>\n<p>Jednou rano<\/p>\n<p>CZ09-02<\/p>\n<p>Buty<\/p>\n<p>Beskydy<\/p>\n<p>CZ3-10<\/p>\n<p>Cech FR<\/p>\n<p>Pernikova chaloupka<\/p>\n<p>CZ10-02<\/p>\n<p>Cech FR<\/p>\n<p>Ja uz jdu<\/p>\n<p>CZ4-13<\/p>\n<p>Cernoch<\/p>\n<p>Zrcadlo<\/p>\n<p>CZ7-03<\/p>\n<p>Cernocka<\/p>\n<p>Saxana<\/p>\n<p>CZ15-02<\/p>\n<p>Chinaski<\/p>\n<p>Signalni<\/p>\n<p>CZ16-07<\/p>\n<p>Chladil<\/p>\n<p>A jmeno ma Maria<\/p>\n<p>CZ3-04<\/p>\n<p>Country<\/p>\n<p>Rodne udoli<\/p>\n<p>CZ09-03<\/p>\n<p>Czak.<\/p>\n<p>Kdyz zbyva par slov<\/p>\n<p>CZ5-15<\/p>\n<p>Czakova<\/p>\n<p>La isla bonita<\/p>\n<p>CZ5-14<\/p>\n<p>D Janda<\/p>\n<p>Hurikan<\/p>\n<p>CZ09-07<\/p>\n<p>Damiens<\/p>\n<p>Co mas to mas<\/p>\n<p>CZ09-12<\/p>\n<p>Danek<\/p>\n<p>Rosa na kolejich<\/p>\n<p>CZ13-01<\/p>\n<p>David<\/p>\n<p>My mame&#8230; rodice<\/p>\n<p>CZ10-03<\/p>\n<p>David<\/p>\n<p>Treti galaxie<\/p>\n<p>CZ09-04<\/p>\n<p>David<\/p>\n<p>Deti raje<\/p>\n<p>CZ12-05<\/p>\n<p>David<\/p>\n<p>Decibely l\u00e1sky<\/p>\n<p>CZ4-05<\/p>\n<p>David<\/p>\n<p>Colu pijeme colu<\/p>\n<p>CZ4-14<\/p>\n<p>Dracula<\/p>\n<p>Vim ze jsi semnou<\/p>\n<p>CZ13-03<\/p>\n<p>Dracula<\/p>\n<p>Nespravedlivy Buh<\/p>\n<p>CZ12-02<\/p>\n<p>Dracula<\/p>\n<p>Smrt<\/p>\n<p>CZ12-07<\/p>\n<p>Duet<\/p>\n<p>Sladke hlouposti<\/p>\n<p>CZ15-08<\/p>\n<p>Duet<\/p>\n<p>Ja pujdu tam a ty tam<\/p>\n<p>CZ14-07<\/p>\n<p>Duet<\/p>\n<p>To se nikdo nedovi<\/p>\n<p>CZ3-06<\/p>\n<p>Duet<\/p>\n<p>Motyl<\/p>\n<p>CZ5-02<\/p>\n<p>Duet<\/p>\n<p>Schody do nebe<\/p>\n<p>CZ5-11<\/p>\n<p>Duet<\/p>\n<p>Tam za vodou v rakosi<\/p>\n<p>CZ5-06<\/p>\n<p>Duet Zbirka<\/p>\n<p>Co boli to preboli<\/p>\n<p>CZ16-06<\/p>\n<p>Elan<\/p>\n<p>Stuzkova<\/p>\n<p>CZ13-06<\/p>\n<p>Elan<\/p>\n<p>Voda co&#8230;.vodou<\/p>\n<p>CZ7-07<\/p>\n<p>Elan<\/p>\n<p>Moj zivot<\/p>\n<p>CZ10-04<\/p>\n<p>Elan<\/p>\n<p>Fero<\/p>\n<p>CZ5-13<\/p>\n<p>Elan<\/p>\n<p>Kocka<\/p>\n<p>CZ5-07<\/p>\n<p>Gott<\/p>\n<p>Kdy\u017e muz se zenou snida<\/p>\n<p>CZ09-05<\/p>\n<p>Gott<\/p>\n<p>Pretty woman<\/p>\n<p>CZ12-01<\/p>\n<p>Gott<\/p>\n<p>Lady Carneval<\/p>\n<p>CZ08-10<\/p>\n<p>Gott<\/p>\n<p>Kde.. ptacku hnizdo mas<\/p>\n<p>CZ7-05<\/p>\n<p>Hamel<\/p>\n<p>Ucitelka tanca<\/p>\n<p>CZ14-03<\/p>\n<p>Hlas<\/p>\n<p>Jednou mi fotr povida<\/p>\n<p>CZ08-09<\/p>\n<p>Hlas<\/p>\n<p>Malagelo<\/p>\n<p>CZ7-13<\/p>\n<p>Hlas<\/p>\n<p>Na kolena<\/p>\n<p>CZ09-06<\/p>\n<p>Hlas<\/p>\n<p>Rock\u00b4roll pro Beethoven<\/p>\n<p>CZ10-15<\/p>\n<p>Kabat<\/p>\n<p>Colorado<\/p>\n<p>CZ4-07<\/p>\n<p>Kabat<\/p>\n<p>Lada<\/p>\n<p>CZ3-14<\/p>\n<p>Katapult<\/p>\n<p>Az<\/p>\n<p>CZ08-14<\/p>\n<p>Katapult<\/p>\n<p>Hlupak vaha<\/p>\n<p>CZ08-12<\/p>\n<p>Katapult<\/p>\n<p>Nekdy priste<\/p>\n<p>CZ7-02<\/p>\n<p>Katapult<\/p>\n<p>Vojin XY<\/p>\n<p>CZ08-01<\/p>\n<p>Kirschner<\/p>\n<p>Liska<\/p>\n<p>CZ16-08<\/p>\n<p>Kocab<\/p>\n<p>S cizi zenou<\/p>\n<p>CZ11-09<\/p>\n<p>Kopecky<\/p>\n<p>Mackie messer<\/p>\n<p>CZ3-06<\/p>\n<p>Korn<\/p>\n<p>Miss Moskva<\/p>\n<p>CZ13-07<\/p>\n<p>Kotvald<\/p>\n<p>Dajana<\/p>\n<p>CZ10-01<\/p>\n<p>Kotvald<\/p>\n<p>Milujem se stale vic<\/p>\n<p>CZ12-08<\/p>\n<p>Kotvald<\/p>\n<p>Gejzir<\/p>\n<p>CZ08-02<\/p>\n<p>Kryl<\/p>\n<p>Bratricku zavirej vratka<\/p>\n<p>CZ5-05<\/p>\n<p>Kubisova<\/p>\n<p>Louda se pulmesic<\/p>\n<p>CZ3-02<\/p>\n<p>L Bila<\/p>\n<p>Most pres minulost<\/p>\n<p>CZ12-09<\/p>\n<p>L Bila<\/p>\n<p>Zpivas mi requiem<\/p>\n<p>CZ4-10<\/p>\n<p>Ledecky<\/p>\n<p>Budu vsechno<\/p>\n<p>CZ16-01<\/p>\n<p>Ledecky<\/p>\n<p>Proklinam<\/p>\n<p>CZ15-03<\/p>\n<p>Lidova<\/p>\n<p>Skoda lasky<\/p>\n<p>CZ09-09<\/p>\n<p>Lidova<\/p>\n<p>Nedaleko od Trencina<\/p>\n<p>CZ4-11<\/p>\n<p>Lojzo<\/p>\n<p>Ze je mi luto<\/p>\n<p>CZ7-15<\/p>\n<p>Lucie Bila<\/p>\n<p>Trouba<\/p>\n<p>CZ4-09<\/p>\n<p>M.Chladil<\/p>\n<p>Za rok se vratim<\/p>\n<p>CZ5-12<\/p>\n<p>M.Tucny<\/p>\n<p>Tam u nebeskych bran<\/p>\n<p>CZ4-06<\/p>\n<p>Machalkova<\/p>\n<p>Galaxie prani<\/p>\n<p>CZ15-04<\/p>\n<p>Matuska<\/p>\n<p>Chlupaty kaktus<\/p>\n<p>CZ09-10<\/p>\n<p>Matuska<\/p>\n<p>Tereza<\/p>\n<p>CZ4-12<\/p>\n<p>Max Turb<\/p>\n<p>Jede jede<\/p>\n<p>CZ13-10<\/p>\n<p>Maxim turbulenc<\/p>\n<p>Mravenecek<\/p>\n<p>CZ10-05<\/p>\n<p>Metalinda<\/p>\n<p>Slnko nevychadzaj<\/p>\n<p>CZ15-05<\/p>\n<p>Mexiku-Tucny<\/p>\n<p>Vsichni&#8230;.<\/p>\n<p>CZ7-09<\/p>\n<p>Mladek<\/p>\n<p>Jozin<\/p>\n<p>CZ16-04<\/p>\n<p>Mladek<\/p>\n<p>Dve rusky<\/p>\n<p>CZ4-03<\/p>\n<p>Muk<\/p>\n<p>Neusinej<\/p>\n<p>CZ16-05<\/p>\n<p>Muk<\/p>\n<p>Stin katedral<\/p>\n<p>CZ7-01<\/p>\n<p>Muller<\/p>\n<p>Nebude to take lahke<\/p>\n<p>CZ13-08<\/p>\n<p>N Orleans<\/p>\n<p>New orleans<\/p>\n<p>CZ5-04<\/p>\n<p>Nagy<\/p>\n<p>Laska je tu s vami<\/p>\n<p>CZ7-10<\/p>\n<p>Neckar<\/p>\n<p>Je rano Anno<\/p>\n<p>CZ08-03<\/p>\n<p>Neckar<\/p>\n<p>Lekorice<\/p>\n<p>CZ10-06<\/p>\n<p>Nedved<\/p>\n<p>Devatenact<\/p>\n<p>CZ10-13<\/p>\n<p>No Name<\/p>\n<p>Dakujem \u017ee si<\/p>\n<p>CZ16-09<\/p>\n<p>No Name<\/p>\n<p>Zily<\/p>\n<p>CZ14-10<\/p>\n<p>Nohavica<\/p>\n<p>Jdou po mne jdou<\/p>\n<p>CZ08-04<\/p>\n<p>Novak<\/p>\n<p>Ja budu chodit po spic..<\/p>\n<p>CZ5-01<\/p>\n<p>Novak<\/p>\n<p>Nadherna laska<\/p>\n<p>CZ12-04<\/p>\n<p>Novak<\/p>\n<p>Povidej<\/p>\n<p>CZ11-08<\/p>\n<p>Novak<\/p>\n<p>Nahrobni kamen<\/p>\n<p>CZ4-04<\/p>\n<p>Novak<\/p>\n<p>Blaznova ukolebavka<\/p>\n<p>CZ5-09<\/p>\n<p>Novak<\/p>\n<p>Pihovata divka<\/p>\n<p>CZ3-09<\/p>\n<p>Novy<\/p>\n<p>Jen pro ten dnesni den<\/p>\n<p>CZ3-03<\/p>\n<p>Olympic<\/p>\n<p>Proc zrovna ty<\/p>\n<p>CZ12-03<\/p>\n<p>Olympic<\/p>\n<p>Vlak co.. nestavi<\/p>\n<p>CZ09-11<\/p>\n<p>Olympic<\/p>\n<p>Dynamit<\/p>\n<p>CZ7-08<\/p>\n<p>Olympic<\/p>\n<p>Slzy tvy mamy<\/p>\n<p>CZ11-10<\/p>\n<p>Olympic<\/p>\n<p>Snad jsem to zavinil ja<\/p>\n<p>CZ15-06<\/p>\n<p>Olympic<\/p>\n<p>Krasna neznama<\/p>\n<p>CZ08-07<\/p>\n<p>Olympic<\/p>\n<p>Osmy den<\/p>\n<p>CZ08-06<\/p>\n<p>Olympic<\/p>\n<p>Ptak rosomak<\/p>\n<p>CZ10-07<\/p>\n<p>Olympic<\/p>\n<p>Zelva<\/p>\n<p>CZ3-08<\/p>\n<p>Olympic<\/p>\n<p>Okno me lasky<\/p>\n<p>CZ4-15<\/p>\n<p>Patejdl<\/p>\n<p>Ak nie si moja<\/p>\n<p>CZ11-01<\/p>\n<p>Penk<\/p>\n<p>O blaznech<\/p>\n<p>CZ12-10<\/p>\n<p>Plavci<\/p>\n<p>Inzenyrska<\/p>\n<p>CZ08-08<\/p>\n<p>Poha..melo<\/p>\n<p>Princ..mlejna<\/p>\n<p>CZ7-06<\/p>\n<p>Prenosilova<\/p>\n<p>Boty<\/p>\n<p>CZ13-02<\/p>\n<p>Presley\/Gott<\/p>\n<p>Par havr.. copanku<\/p>\n<p>CZ12-06<\/p>\n<p>Prokop<\/p>\n<p>Kolej Yesterday<\/p>\n<p>CZ16-03<\/p>\n<p>Rebelove<\/p>\n<p>SSS<\/p>\n<p>CZ13-05<\/p>\n<p>Rebelove<\/p>\n<p>Pata<\/p>\n<p>CZ14-04<\/p>\n<p>Rebelove<\/p>\n<p>Hvezda na vrbe<\/p>\n<p>CZ14-01<\/p>\n<p>Rock &#8220;N&#8221; Roll<\/p>\n<p>Naschle.. krokodyle<\/p>\n<p>CZ3-12<\/p>\n<p>Rottrova<\/p>\n<p>Lasko..destem<\/p>\n<p>CZ08-13<\/p>\n<p>Schelinger<\/p>\n<p>Jsem..blazen jen<\/p>\n<p>CZ7-11<\/p>\n<p>Schelinger<\/p>\n<p>Spenat<\/p>\n<p>CZ16-02<\/p>\n<p>Schelinger<\/p>\n<p>Jahody mrazeny<\/p>\n<p>CZ3-15<\/p>\n<p>Schelinger<\/p>\n<p>Holubi dum<\/p>\n<p>CZ3-05<\/p>\n<p>Semelka<\/p>\n<p>Zvlastni mama<\/p>\n<p>CZ08-11<\/p>\n<p>Sexy dancer<\/p>\n<p>Slim Jim<\/p>\n<p>CZ15-09<\/p>\n<p>Spaleny<\/p>\n<p>Kovar<\/p>\n<p>CZ16-10<\/p>\n<p>Spaleny<\/p>\n<p>Dama pri tele<\/p>\n<p>CZ10-08<\/p>\n<p>Spaleny<\/p>\n<p>Plakalo baby<\/p>\n<p>CZ7-12<\/p>\n<p>Suchy<\/p>\n<p>Zcervena<\/p>\n<p>CZ10-09<\/p>\n<p>Suchy<\/p>\n<p>Praminek vlasu<\/p>\n<p>CZ4-01<\/p>\n<p>Team<\/p>\n<p>Reklama na ticho<\/p>\n<p>CZ09-08<\/p>\n<p>Tezkej Pokondr<\/p>\n<p>Naproti maj sejf<\/p>\n<p>CZ14-02<\/p>\n<p>Tezkej Pokondr<\/p>\n<p>Felicie<\/p>\n<p>CZ09-15<\/p>\n<p>Tezkej Pokondr<\/p>\n<p>Najem zvedej (YMCA)<\/p>\n<p>CZ3-11<\/p>\n<p>Tezkej Pokondr<\/p>\n<p>Sasa jede<\/p>\n<p>CZ3-01<\/p>\n<p>Tezkej,P<\/p>\n<p>Mama ma rymu<\/p>\n<p>CZ10-11<\/p>\n<p>Tofi,Vaculik<\/p>\n<p>Davej ber<\/p>\n<p>CZ5-03<\/p>\n<p>Tri veterani<\/p>\n<p>Neni nutno<\/p>\n<p>CZ7-14<\/p>\n<p>Tublatanka<\/p>\n<p>Matka<\/p>\n<p>CZ13-04<\/p>\n<p>Tucny<\/p>\n<p>Posledni kovboj<\/p>\n<p>CZ11-07<\/p>\n<p>Tucny<\/p>\n<p>Rad se brouzdam rosou<\/p>\n<p>CZ15-10<\/p>\n<p>Tucny<\/p>\n<p>Bajecna zenska<\/p>\n<p>CZ09-13<\/p>\n<p>Turbo<\/p>\n<p>Hrac<\/p>\n<p>CZ11-02<\/p>\n<p>Urbankova<\/p>\n<p>Zlate strevicky<\/p>\n<p>CZ10-10<\/p>\n<p>Vavra<\/p>\n<p>Citronova holka<\/p>\n<p>CZ10-12<\/p>\n<p>Vondra<\/p>\n<p>Dlouha noc<\/p>\n<p>CZ14-05<\/p>\n<p>Vondra<\/p>\n<p>Sladke mameni<\/p>\n<p>CZ14-09<\/p>\n<p>Vondra<\/p>\n<p>Mam rada cestu lesni<\/p>\n<p>CZ11-04<\/p>\n<p>Vondrackova<\/p>\n<p>Copacabana<\/p>\n<p>CZ09-14<\/p>\n<p>Vondrackova<\/p>\n<p>Dve mala kridla<\/p>\n<p>CZ5-08<\/p>\n<p>WV<\/p>\n<p>Ezop a brabenec<\/p>\n<p>CZ5-10<\/p>\n<p>WV<\/p>\n<p>Zivot je jen nahoda<\/p>\n<p>CZ4-08<\/p>\n<p>Yoyo Band<\/p>\n<p>Jedem do Afriky<\/p>\n<p>CZ15-07<\/p>\n<p>Zagorova<\/p>\n<p>Neslap nelamej<\/p>\n<p>CZ11-06<\/p>\n<p>Zich<\/p>\n<p>Mosty-Duet Filipova<\/p>\n<p>CZ11-05<\/p>\n<p>Zich<\/p>\n<p>Nen\u00ed vsechno parade CZ08-15<\/p>\n<p>Zluty pes Sametova CZ10-14<\/p>\n<p>Zluty pes Naruziva CZ3-13<\/p>\n<p>Zmozek<\/p>\n<p>Uzmi lasko neni 20 let CZ4-02<\/p>\n<p>&nbsp;<\/p>\n<p>&nbsp;<\/p>\n<p>&nbsp;<\/p>\n","protected":false},"excerpt":{"rendered":"<p>CZECH\/CESKY V\u0160ECHNO BUDE FAJN &#8211; \u017dENTOUR CZ 6\/01 JSI MUJ P\u00c1N &#8211; DRACULA CZ 6\/02 HASTRMANE TATRMANE &#8211; ZDENEK MERTA CZ 6\/03 PROC ME NIKDO NEM\u00c1 R\u00c1D &#8211; ILONA CZ\u00c1KOV\u00c1 CZ 6\/04 KARVIN\u00c1 &#8211; YO YO BAND CZ 6\/05 H\u00c1DEJ MATYLDO &#8211; KAREL H\u00c1LA CZ 6\/06 \u0160\u00cdPKOV\u00c1 RU\u017dENKA &#8211; JIR\u00cd SCHELINGER CZ 6\/07 \u017d\u00cdZEN &#8211;<a class=\"read-more \" href=\"https:\/\/www.karaokeaddicts.com\/?page_id=46\" title=\"Read More\"> <span class=\"button default\">Read More<\/span><\/a><\/p>\n","protected":false},"author":1,"featured_media":0,"parent":0,"menu_order":0,"comment_status":"open","ping_status":"open","template":"","meta":{"footnotes":""},"class_list":["post-46","page","type-page","status-publish","hentry"],"jetpack_sharing_enabled":true,"_links":{"self":[{"href":"https:\/\/www.karaokeaddicts.com\/index.php?rest_route=\/wp\/v2\/pages\/46","targetHints":{"allow":["GET"]}}],"collection":[{"href":"https:\/\/www.karaokeaddicts.com\/index.php?rest_route=\/wp\/v2\/pages"}],"about":[{"href":"https:\/\/www.karaokeaddicts.com\/index.php?rest_route=\/wp\/v2\/types\/page"}],"author":[{"embeddable":true,"href":"https:\/\/www.karaokeaddicts.com\/index.php?rest_route=\/wp\/v2\/users\/1"}],"replies":[{"embeddable":true,"href":"https:\/\/www.karaokeaddicts.com\/index.php?rest_route=%2Fwp%2Fv2%2Fcomments&post=46"}],"version-history":[{"count":1,"href":"https:\/\/www.karaokeaddicts.com\/index.php?rest_route=\/wp\/v2\/pages\/46\/revisions"}],"predecessor-version":[{"id":47,"href":"https:\/\/www.karaokeaddicts.com\/index.php?rest_route=\/wp\/v2\/pages\/46\/revisions\/47"}],"wp:attachment":[{"href":"https:\/\/www.karaokeaddicts.com\/index.php?rest_route=%2Fwp%2Fv2%2Fmedia&parent=46"}],"curies":[{"name":"wp","href":"https:\/\/api.w.org\/{rel}","templated":true}]}}